{"id":7053,"date":"2025-09-25T16:59:29","date_gmt":"2025-09-25T14:59:29","guid":{"rendered":"https:\/\/enablingtransformation.at\/?page_id=7053"},"modified":"2025-11-11T17:52:00","modified_gmt":"2025-11-11T16:52:00","slug":"success-stories","status":"publish","type":"page","link":"https:\/\/enablingtransformation.at\/en\/success-stories\/","title":{"rendered":"Success Stories"},"content":{"rendered":"<div data-elementor-type=\"wp-page\" data-elementor-id=\"7053\" class=\"elementor elementor-7053\">\n\t\t\t\t\t\t<section class=\"elementor-section elementor-top-section elementor-element elementor-element-25e9110 elementor-section-boxed elementor-section-height-default elementor-section-height-default\" data-id=\"25e9110\" data-element_type=\"section\" data-settings=\"{&quot;jet_parallax_layout_list&quot;:[]}\">\n\t\t\t\t\t\t<div class=\"elementor-container elementor-column-gap-default\">\n\t\t\t\t\t<div class=\"elementor-column elementor-col-100 elementor-top-column elementor-element elementor-element-efc478e\" data-id=\"efc478e\" data-element_type=\"column\">\n\t\t\t<div class=\"elementor-widget-wrap elementor-element-populated\">\n\t\t\t\t\t\t<div class=\"elementor-element elementor-element-687fcd1 elementor-widget elementor-widget-spacer\" data-id=\"687fcd1\" data-element_type=\"widget\" data-widget_type=\"spacer.default\">\n\t\t\t\t<div class=\"elementor-widget-container\">\n\t\t\t\t\t<div class=\"elementor-spacer\">\n\t\t\t<div class=\"elementor-spacer-inner\"><\/div>\n\t\t<\/div>\n\t\t\t\t<\/div>\n\t\t\t\t<\/div>\n\t\t\t\t<div class=\"elementor-element elementor-element-a2d9f02 elementor-widget elementor-widget-text-editor\" data-id=\"a2d9f02\" data-element_type=\"widget\" data-widget_type=\"text-editor.default\">\n\t\t\t\t<div class=\"elementor-widget-container\">\n\t\t\t\t\t\t\t<p class=\"v1MsoNormal\">Mit dem F\u00f6rderprogramm <b>Enabling Transformation<\/b> haben zahlreiche Unternehmen die Chance genutzt, ihre Innovationspotenziale zu identifizieren, Strategien zu entwickeln und Ma\u00dfnahmen zu definieren, die den Wandel erleichtern und ihre Wettbewerbsf\u00e4higkeit st\u00e4rken.<\/p><p class=\"v1MsoNormal\">In der vergangenen F\u00f6rderperiode entstanden dabei eindrucksvolle Success Stories, die zeigen, wie die begleitende Beratung wertvollen Input geliefert und neue Perspektiven f\u00fcr Digitalisierung, Nachhaltigkeit und zuk\u00fcnftige Gesch\u00e4ftsfelder er\u00f6ffnet hat.<\/p><p class=\"v1MsoNormal\">Die R\u00fcckmeldungen der teilnehmenden Unternehmen verdeutlichen den Mehrwert des Programms: Es unterst\u00fctzt bei der strategischen Ausrichtung, erleichtert die Vorbereitung auf Transformation und st\u00e4rkt die Grundlage f\u00fcr langfristige Wettbewerbsf\u00e4higkeit.<\/p><p class=\"v1MsoNormal\">Mit dieser positiven Bilanz richtet sich der Blick nach vorne: Auch in der kommenden Periode bietet <b>Enabling Transformation<\/b> Unternehmen die M\u00f6glichkeit, durch gezielte Beratung ihre strategischen Weichenstellungen vorzunehmen und die Basis f\u00fcr k\u00fcnftige Entwicklungen zu legen.<\/p>\t\t\t\t\t\t<\/div>\n\t\t\t\t<\/div>\n\t\t\t\t<div class=\"elementor-element elementor-element-aaef61a elementor-widget elementor-widget-spacer\" data-id=\"aaef61a\" data-element_type=\"widget\" data-widget_type=\"spacer.default\">\n\t\t\t\t<div class=\"elementor-widget-container\">\n\t\t\t\t\t<div class=\"elementor-spacer\">\n\t\t\t<div class=\"elementor-spacer-inner\"><\/div>\n\t\t<\/div>\n\t\t\t\t<\/div>\n\t\t\t\t<\/div>\n\t\t\t\t\t<\/div>\n\t\t<\/div>\n\t\t\t\t\t<\/div>\n\t\t<\/section>\n\t\t\t\t<section class=\"elementor-section elementor-top-section elementor-element elementor-element-a6f2679 elementor-section-boxed elementor-section-height-default elementor-section-height-default\" data-id=\"a6f2679\" data-element_type=\"section\" data-settings=\"{&quot;jet_parallax_layout_list&quot;:[]}\">\n\t\t\t\t\t\t<div class=\"elementor-container elementor-column-gap-default\">\n\t\t\t\t\t<div class=\"elementor-column elementor-col-33 elementor-top-column elementor-element elementor-element-ee7957d\" data-id=\"ee7957d\" data-element_type=\"column\">\n\t\t\t<div class=\"elementor-widget-wrap elementor-element-populated\">\n\t\t\t\t\t\t<div class=\"elementor-element elementor-element-1f5b001 elementor-widget elementor-widget-heading\" data-id=\"1f5b001\" data-element_type=\"widget\" data-widget_type=\"heading.default\">\n\t\t\t\t<div class=\"elementor-widget-container\">\n\t\t\t<h2 class=\"elementor-heading-title elementor-size-default\">Josef Poscharnegg GmbH<\/h2>\t\t<\/div>\n\t\t\t\t<\/div>\n\t\t\t\t<div class=\"elementor-element elementor-element-8d1faaf elementor-widget elementor-widget-text-editor\" data-id=\"8d1faaf\" data-element_type=\"widget\" data-widget_type=\"text-editor.default\">\n\t\t\t\t<div class=\"elementor-widget-container\">\n\t\t\t\t\t\t\t<p>Die <strong>Josef Poscharnegg GmbH<\/strong> ist ein traditionsreiches, steirisches Familienunternehmen mit Hauptsitz in Sankt Johann im Saggautal, das in den Bereichen Transport, Spedition, Lagerlogistik, Erdbau und Abfallmanagement t\u00e4tig ist. Zu den Kernleistungen geh\u00f6ren Sch\u00fcttgut-, Kran- und Sondertransporte, internationale Transporte sowie der Betrieb von modernen Logistikzentren, u.a. in Kalsdorf bei Graz und einer Niederlassung in K\u00e4rnten. Das Unternehmen zeichnet sich durch ein breites Dienstleistungsspektrum im Bereich der Logistik, hohe Flexibilit\u00e4t und langj\u00e4hrige Erfahrung aus und ist bekannt f\u00fcr individuelle, innovative L\u00f6sungen und nachhaltiges Ressourcenmanagement.<\/p>\t\t\t\t\t\t<\/div>\n\t\t\t\t<\/div>\n\t\t\t\t\t<\/div>\n\t\t<\/div>\n\t\t\t\t<div class=\"elementor-column elementor-col-66 elementor-top-column elementor-element elementor-element-112d18f\" data-id=\"112d18f\" data-element_type=\"column\">\n\t\t\t<div class=\"elementor-widget-wrap elementor-element-populated\">\n\t\t\t\t\t\t<div class=\"elementor-element elementor-element-fda54ec elementor-widget elementor-widget-video\" data-id=\"fda54ec\" data-element_type=\"widget\" data-settings=\"{&quot;video_type&quot;:&quot;hosted&quot;,&quot;mute&quot;:&quot;yes&quot;,&quot;controls&quot;:&quot;yes&quot;}\" data-widget_type=\"video.default\">\n\t\t\t\t<div class=\"elementor-widget-container\">\n\t\t\t\t\t<div class=\"e-hosted-video elementor-wrapper elementor-open-inline\">\n\t\t\t\t\t<video class=\"elementor-video\" src=\"https:\/\/enablingtransformation.at\/wp-content\/uploads\/2025\/11\/Success-Story-Poscharnegg-Transporte.mp4\" controls=\"\" preload=\"metadata\" muted=\"muted\" controlslist=\"nodownload\" poster=\"https:\/\/enablingtransformation.at\/wp-content\/uploads\/2025\/11\/Success-Story-Poscharnegg-Transporte.jpg\"><\/video>\n\t\t\t\t<\/div>\n\t\t\t\t<\/div>\n\t\t\t\t<\/div>\n\t\t\t\t\t<\/div>\n\t\t<\/div>\n\t\t\t\t\t<\/div>\n\t\t<\/section>\n\t\t\t\t<section class=\"elementor-section elementor-top-section elementor-element elementor-element-13185c1 elementor-section-boxed elementor-section-height-default elementor-section-height-default\" data-id=\"13185c1\" data-element_type=\"section\" data-settings=\"{&quot;jet_parallax_layout_list&quot;:[]}\">\n\t\t\t\t\t\t<div class=\"elementor-container elementor-column-gap-default\">\n\t\t\t\t\t<div class=\"elementor-column elementor-col-33 elementor-top-column elementor-element elementor-element-87a5369\" data-id=\"87a5369\" data-element_type=\"column\">\n\t\t\t<div class=\"elementor-widget-wrap elementor-element-populated\">\n\t\t\t\t\t\t<div class=\"elementor-element elementor-element-795bfc7 elementor-widget elementor-widget-heading\" data-id=\"795bfc7\" data-element_type=\"widget\" data-widget_type=\"heading.default\">\n\t\t\t\t<div class=\"elementor-widget-container\">\n\t\t\t<h2 class=\"elementor-heading-title elementor-size-default\">ProtectLIB<\/h2>\t\t<\/div>\n\t\t\t\t<\/div>\n\t\t\t\t<div class=\"elementor-element elementor-element-af0e096 elementor-widget elementor-widget-text-editor\" data-id=\"af0e096\" data-element_type=\"widget\" data-widget_type=\"text-editor.default\">\n\t\t\t\t<div class=\"elementor-widget-container\">\n\t\t\t\t\t\t\t<p>Die <strong>ProtectLIB<\/strong> spezialisiert sich auf das Recycling von Lithium-Ionen-Batterien (LIB) und bietet L\u00f6sungen f\u00fcr Kund:innen aus der Entsorgungsbranche. Im Mittelpunkt stehen Werte wie Sicherheit, Effizienz und Nachhaltigkeit entlang des gesamten Verwertungsprozesses. Das Team von <strong>ProtectLIB<\/strong> arbeitet interdisziplin\u00e4r an einer innovativen L\u00f6sung des LIB-Recylings; dabei strebt <strong>ProtectLIB<\/strong> eine Verbindung zur Prim\u00e4rrohstoffgewinnung an, schlie\u00dft die L\u00fccke im Batteriekreislauf und agiert dadurch als integraler Bestandteil der europ\u00e4ischen Batteriewertstoffkette. <strong>ProtectLIB<\/strong> positioniert sich damit als wichtiger Bestandteil der europ\u00e4ischen Wertstoffkette f\u00fcr Batterien.<\/p>\t\t\t\t\t\t<\/div>\n\t\t\t\t<\/div>\n\t\t\t\t\t<\/div>\n\t\t<\/div>\n\t\t\t\t<div class=\"elementor-column elementor-col-66 elementor-top-column elementor-element elementor-element-da05c7c\" data-id=\"da05c7c\" data-element_type=\"column\">\n\t\t\t<div class=\"elementor-widget-wrap elementor-element-populated\">\n\t\t\t\t\t\t<div class=\"elementor-element elementor-element-f7f0eb8 elementor-widget elementor-widget-video\" data-id=\"f7f0eb8\" data-element_type=\"widget\" data-settings=\"{&quot;video_type&quot;:&quot;hosted&quot;,&quot;mute&quot;:&quot;yes&quot;,&quot;controls&quot;:&quot;yes&quot;}\" data-widget_type=\"video.default\">\n\t\t\t\t<div class=\"elementor-widget-container\">\n\t\t\t\t\t<div class=\"e-hosted-video elementor-wrapper elementor-open-inline\">\n\t\t\t\t\t<video class=\"elementor-video\" src=\"https:\/\/enablingtransformation.at\/wp-content\/uploads\/2025\/11\/Success-Story-ProtectLIB.mp4\" controls=\"\" preload=\"metadata\" muted=\"muted\" controlslist=\"nodownload\" poster=\"https:\/\/enablingtransformation.at\/wp-content\/uploads\/2025\/11\/Success-Story-ProtectLIB.jpg\"><\/video>\n\t\t\t\t<\/div>\n\t\t\t\t<\/div>\n\t\t\t\t<\/div>\n\t\t\t\t\t<\/div>\n\t\t<\/div>\n\t\t\t\t\t<\/div>\n\t\t<\/section>\n\t\t\t\t<section class=\"elementor-section elementor-top-section elementor-element elementor-element-79bb1e1 elementor-section-boxed elementor-section-height-default elementor-section-height-default\" data-id=\"79bb1e1\" data-element_type=\"section\" data-settings=\"{&quot;jet_parallax_layout_list&quot;:[]}\">\n\t\t\t\t\t\t<div class=\"elementor-container elementor-column-gap-default\">\n\t\t\t\t\t<div class=\"elementor-column elementor-col-33 elementor-top-column elementor-element elementor-element-60a2ee5\" data-id=\"60a2ee5\" data-element_type=\"column\">\n\t\t\t<div class=\"elementor-widget-wrap elementor-element-populated\">\n\t\t\t\t\t\t<div class=\"elementor-element elementor-element-9617439 elementor-widget elementor-widget-heading\" data-id=\"9617439\" data-element_type=\"widget\" data-widget_type=\"heading.default\">\n\t\t\t\t<div class=\"elementor-widget-container\">\n\t\t\t<h2 class=\"elementor-heading-title elementor-size-default\">Mechatronic Systems GmbH<\/h2>\t\t<\/div>\n\t\t\t\t<\/div>\n\t\t\t\t<div class=\"elementor-element elementor-element-ff74e7b elementor-widget elementor-widget-text-editor\" data-id=\"ff74e7b\" data-element_type=\"widget\" data-widget_type=\"text-editor.default\">\n\t\t\t\t<div class=\"elementor-widget-container\">\n\t\t\t\t\t\t\t<p>Im dynamischen Umfeld der automobilen Transformation z\u00e4hlt die <strong>MSG Mechatronic Systems GmbH<\/strong> zu den f\u00fchrenden \u00f6sterreichischen Unternehmen im Bereich mechatronischer Systeml\u00f6sungen. Sie entwickelt und produziert innovative Ventile, Aktuatoren und Komponenten f\u00fcr Antriebs-, Komfort- und Thermomanagementsysteme. Mit eigener Entwicklungs- und Fertigungskompetenz liefert das Unternehmen ganzheitliche L\u00f6sungen von der Idee bis zur Serie. Durch hohe Pr\u00e4zision, Energieeffizienz und technologische Vielfalt tr\u00e4gt <strong>MSG<\/strong> entscheidend zur Leistungssteigerung und Nachhaltigkeit moderner Fahrzeugarchitekturen bei. Dabei stehen Kundennutzen, Qualit\u00e4t und zukunftsorientiertes Denken im Mittelpunkt des Handelns.<\/p>\t\t\t\t\t\t<\/div>\n\t\t\t\t<\/div>\n\t\t\t\t\t<\/div>\n\t\t<\/div>\n\t\t\t\t<div class=\"elementor-column elementor-col-66 elementor-top-column elementor-element elementor-element-f07d1e1\" data-id=\"f07d1e1\" data-element_type=\"column\">\n\t\t\t<div class=\"elementor-widget-wrap elementor-element-populated\">\n\t\t\t\t\t\t<div class=\"elementor-element elementor-element-d13dfb1 elementor-widget elementor-widget-video\" data-id=\"d13dfb1\" data-element_type=\"widget\" data-settings=\"{&quot;video_type&quot;:&quot;hosted&quot;,&quot;mute&quot;:&quot;yes&quot;,&quot;controls&quot;:&quot;yes&quot;}\" data-widget_type=\"video.default\">\n\t\t\t\t<div class=\"elementor-widget-container\">\n\t\t\t\t\t<div class=\"e-hosted-video elementor-wrapper elementor-open-inline\">\n\t\t\t\t\t<video class=\"elementor-video\" src=\"https:\/\/enablingtransformation.at\/wp-content\/uploads\/2025\/11\/Success-Story-Mechatronic-Systems.mp4\" controls=\"\" preload=\"metadata\" muted=\"muted\" controlslist=\"nodownload\" poster=\"https:\/\/enablingtransformation.at\/wp-content\/uploads\/2025\/11\/Success-Story-Mechatronic-Systems.jpg\"><\/video>\n\t\t\t\t<\/div>\n\t\t\t\t<\/div>\n\t\t\t\t<\/div>\n\t\t\t\t\t<\/div>\n\t\t<\/div>\n\t\t\t\t\t<\/div>\n\t\t<\/section>\n\t\t\t\t<section class=\"elementor-section elementor-top-section elementor-element elementor-element-e926099 elementor-section-boxed elementor-section-height-default elementor-section-height-default\" data-id=\"e926099\" data-element_type=\"section\" data-settings=\"{&quot;jet_parallax_layout_list&quot;:[]}\">\n\t\t\t\t\t\t<div class=\"elementor-container elementor-column-gap-default\">\n\t\t\t\t\t<div class=\"elementor-column elementor-col-33 elementor-top-column elementor-element elementor-element-1e67e3f\" data-id=\"1e67e3f\" data-element_type=\"column\">\n\t\t\t<div class=\"elementor-widget-wrap elementor-element-populated\">\n\t\t\t\t\t\t<div class=\"elementor-element elementor-element-28c82ad elementor-widget elementor-widget-heading\" data-id=\"28c82ad\" data-element_type=\"widget\" data-widget_type=\"heading.default\">\n\t\t\t\t<div class=\"elementor-widget-container\">\n\t\t\t<h2 class=\"elementor-heading-title elementor-size-default\">TAGnology RFID GmbH<\/h2>\t\t<\/div>\n\t\t\t\t<\/div>\n\t\t\t\t<div class=\"elementor-element elementor-element-945ebd2 elementor-widget elementor-widget-text-editor\" data-id=\"945ebd2\" data-element_type=\"widget\" data-widget_type=\"text-editor.default\">\n\t\t\t\t<div class=\"elementor-widget-container\">\n\t\t\t\t\t\t\t<p>Am Zukunftsmarkt der stetig wachsenden Industrie 4.0 ist die <strong>TAGnology-Gruppe<\/strong> eines der f\u00fchrenden europ\u00e4ischen Unternehmen im RFID-, NFC-, RTLS-, UWB- und Auto-ID-Sektor. Seit 2003 entwickelt sie individuelle, vollautomatische Technologien zur kontaktlosen Kommunikation und Identifikation. Mit digitalisierten Produktionsabl\u00e4ufen, kundenindividuellen Track &amp; Trace-L\u00f6sungen sowie intelligenten Materialfluss- und Identifikationsverfahren optimiert die <strong>TAGnology<\/strong> Warenbewegungen und schafft Transparenz im Daily Business. Dabei steht das Handeln stets im Zeichen von Kundennutzen, Effizienz und Kostenreduktion.<\/p>\t\t\t\t\t\t<\/div>\n\t\t\t\t<\/div>\n\t\t\t\t\t<\/div>\n\t\t<\/div>\n\t\t\t\t<div class=\"elementor-column elementor-col-66 elementor-top-column elementor-element elementor-element-7f8f793\" data-id=\"7f8f793\" data-element_type=\"column\">\n\t\t\t<div class=\"elementor-widget-wrap elementor-element-populated\">\n\t\t\t\t\t\t<div class=\"elementor-element elementor-element-53e5cda elementor-widget elementor-widget-video\" data-id=\"53e5cda\" data-element_type=\"widget\" data-settings=\"{&quot;video_type&quot;:&quot;hosted&quot;,&quot;mute&quot;:&quot;yes&quot;,&quot;controls&quot;:&quot;yes&quot;}\" data-widget_type=\"video.default\">\n\t\t\t\t<div class=\"elementor-widget-container\">\n\t\t\t\t\t<div class=\"e-hosted-video elementor-wrapper elementor-open-inline\">\n\t\t\t\t\t<video class=\"elementor-video\" src=\"https:\/\/enablingtransformation.at\/wp-content\/uploads\/2025\/10\/Success-Story-Tagnology.mp4\" controls=\"\" preload=\"metadata\" muted=\"muted\" controlslist=\"nodownload\" poster=\"https:\/\/enablingtransformation.at\/wp-content\/uploads\/2025\/10\/Success-Story-Tagnology.jpg\"><\/video>\n\t\t\t\t<\/div>\n\t\t\t\t<\/div>\n\t\t\t\t<\/div>\n\t\t\t\t\t<\/div>\n\t\t<\/div>\n\t\t\t\t\t<\/div>\n\t\t<\/section>\n\t\t\t\t<section class=\"elementor-section elementor-top-section elementor-element elementor-element-2bffd8c elementor-section-boxed elementor-section-height-default elementor-section-height-default\" data-id=\"2bffd8c\" data-element_type=\"section\" data-settings=\"{&quot;jet_parallax_layout_list&quot;:[]}\">\n\t\t\t\t\t\t<div class=\"elementor-container elementor-column-gap-default\">\n\t\t\t\t\t<div class=\"elementor-column elementor-col-33 elementor-top-column elementor-element elementor-element-b15ba2c\" data-id=\"b15ba2c\" data-element_type=\"column\">\n\t\t\t<div class=\"elementor-widget-wrap elementor-element-populated\">\n\t\t\t\t\t\t<div class=\"elementor-element elementor-element-628a3f6 elementor-widget elementor-widget-heading\" data-id=\"628a3f6\" data-element_type=\"widget\" data-widget_type=\"heading.default\">\n\t\t\t\t<div class=\"elementor-widget-container\">\n\t\t\t<h2 class=\"elementor-heading-title elementor-size-default\">Wenzel Logistics<\/h2>\t\t<\/div>\n\t\t\t\t<\/div>\n\t\t\t\t<div class=\"elementor-element elementor-element-5a863de elementor-widget elementor-widget-text-editor\" data-id=\"5a863de\" data-element_type=\"widget\" data-widget_type=\"text-editor.default\">\n\t\t\t\t<div class=\"elementor-widget-container\">\n\t\t\t\t\t\t\tDie <strong>Wenzel Logistics GmbH<\/strong> ist ein Transport- und Logistikunternehmen mit rund 130 Mitarbeiter:innen und vier Standorten in Wien, St. Michael, Wels und am G\u00fcterterminal Werndorf. Das Leistungsspektrum umfasst Intermodalverkehre, Stra\u00dfentransporte sowie Lagerlogistik.\n\nDie <strong>Wenzel Logistics GmbH<\/strong> f\u00fchlt sich ihrer Umwelt verpflichtet und leistet einen Beitrag zur Erf\u00fcllung des Kyoto-Protokolls. Der Unternehmensslogan &#8222;Wir reduzieren CO\u2082! Wir fahren mit der Bahn! Wir reden nicht \u00fcber die Verlagerung von der Stra\u00dfe auf die Schiene, wir tun es!&#8220; verdeutlicht die gelebte Haltung des Unternehmens in Bezug auf Natur und Umwelt.\t\t\t\t\t\t<\/div>\n\t\t\t\t<\/div>\n\t\t\t\t\t<\/div>\n\t\t<\/div>\n\t\t\t\t<div class=\"elementor-column elementor-col-66 elementor-top-column elementor-element elementor-element-c0a2ceb\" data-id=\"c0a2ceb\" data-element_type=\"column\">\n\t\t\t<div class=\"elementor-widget-wrap elementor-element-populated\">\n\t\t\t\t\t\t<div class=\"elementor-element elementor-element-6e6534b elementor-widget elementor-widget-video\" data-id=\"6e6534b\" data-element_type=\"widget\" data-settings=\"{&quot;video_type&quot;:&quot;hosted&quot;,&quot;mute&quot;:&quot;yes&quot;,&quot;controls&quot;:&quot;yes&quot;}\" data-widget_type=\"video.default\">\n\t\t\t\t<div class=\"elementor-widget-container\">\n\t\t\t\t\t<div class=\"e-hosted-video elementor-wrapper elementor-open-inline\">\n\t\t\t\t\t<video class=\"elementor-video\" src=\"https:\/\/enablingtransformation.at\/wp-content\/uploads\/2025\/10\/Success-Story-Wenzel-Logistics.mp4\" controls=\"\" preload=\"metadata\" muted=\"muted\" controlslist=\"nodownload\" poster=\"https:\/\/enablingtransformation.at\/wp-content\/uploads\/2025\/10\/Success-Story-Wenzel-Logistics.jpg\"><\/video>\n\t\t\t\t<\/div>\n\t\t\t\t<\/div>\n\t\t\t\t<\/div>\n\t\t\t\t\t<\/div>\n\t\t<\/div>\n\t\t\t\t\t<\/div>\n\t\t<\/section>\n\t\t\t\t<section class=\"elementor-section elementor-top-section elementor-element elementor-element-d49f41b elementor-section-boxed elementor-section-height-default elementor-section-height-default\" data-id=\"d49f41b\" data-element_type=\"section\" data-settings=\"{&quot;jet_parallax_layout_list&quot;:[]}\">\n\t\t\t\t\t\t<div class=\"elementor-container elementor-column-gap-default\">\n\t\t\t\t\t<div class=\"elementor-column elementor-col-33 elementor-top-column elementor-element elementor-element-65c513d\" data-id=\"65c513d\" data-element_type=\"column\">\n\t\t\t<div class=\"elementor-widget-wrap elementor-element-populated\">\n\t\t\t\t\t\t<div class=\"elementor-element elementor-element-9e53b66 elementor-widget elementor-widget-heading\" data-id=\"9e53b66\" data-element_type=\"widget\" data-widget_type=\"heading.default\">\n\t\t\t\t<div class=\"elementor-widget-container\">\n\t\t\t<h2 class=\"elementor-heading-title elementor-size-default\">Pentanova<\/h2>\t\t<\/div>\n\t\t\t\t<\/div>\n\t\t\t\t<div class=\"elementor-element elementor-element-3eaf47b elementor-widget elementor-widget-text-editor\" data-id=\"3eaf47b\" data-element_type=\"widget\" data-widget_type=\"text-editor.default\">\n\t\t\t\t<div class=\"elementor-widget-container\">\n\t\t\t\t\t\t\t<p>Das Gleisdorfer Unternehmen <strong>Pentanova<\/strong> fertigt und liefert Anlagen f\u00fcr die Fertigung von Fahrwerkssystemen, E-Autobatterien Montagestrecken bis hin zu Anlagen f\u00fcr die Fertigung von Head-up-Displays.\u00a0\u00a0<\/p>\t\t\t\t\t\t<\/div>\n\t\t\t\t<\/div>\n\t\t\t\t\t<\/div>\n\t\t<\/div>\n\t\t\t\t<div class=\"elementor-column elementor-col-66 elementor-top-column elementor-element elementor-element-fb579a5\" data-id=\"fb579a5\" data-element_type=\"column\">\n\t\t\t<div class=\"elementor-widget-wrap elementor-element-populated\">\n\t\t\t\t\t\t<div class=\"elementor-element elementor-element-8830447 elementor-widget elementor-widget-video\" data-id=\"8830447\" data-element_type=\"widget\" data-settings=\"{&quot;video_type&quot;:&quot;hosted&quot;,&quot;mute&quot;:&quot;yes&quot;,&quot;controls&quot;:&quot;yes&quot;}\" data-widget_type=\"video.default\">\n\t\t\t\t<div class=\"elementor-widget-container\">\n\t\t\t\t\t<div class=\"e-hosted-video elementor-wrapper elementor-open-inline\">\n\t\t\t\t\t<video class=\"elementor-video\" src=\"https:\/\/enablingtransformation.at\/wp-content\/uploads\/2025\/09\/Success-Story-Pentanova.mp4\" controls=\"\" preload=\"metadata\" muted=\"muted\" controlslist=\"nodownload\" poster=\"https:\/\/enablingtransformation.at\/wp-content\/uploads\/2025\/11\/Success-Story-Pentanova.jpg\"><\/video>\n\t\t\t\t<\/div>\n\t\t\t\t<\/div>\n\t\t\t\t<\/div>\n\t\t\t\t\t<\/div>\n\t\t<\/div>\n\t\t\t\t\t<\/div>\n\t\t<\/section>\n\t\t\t\t<\/div>","protected":false},"excerpt":{"rendered":"<p>Mit dem F\u00f6rderprogramm Enabling Transformation haben zahlreiche Unternehmen die Chance genutzt, ihre Innovationspotenziale zu identifizieren, Strategien zu entwickeln und Ma\u00dfnahmen zu definieren, die den Wandel erleichtern und ihre Wettbewerbsf\u00e4higkeit st\u00e4rken. In der vergangenen F\u00f6rderperiode entstanden dabei eindrucksvolle Success Stories, die zeigen, wie die begleitende Beratung wertvollen Input geliefert und neue Perspektiven f\u00fcr Digitalisierung, Nachhaltigkeit und [&hellip;]<\/p>","protected":false},"author":1,"featured_media":0,"parent":0,"menu_order":0,"comment_status":"closed","ping_status":"closed","template":"elementor_header_footer","meta":{"footnotes":""},"_links":{"self":[{"href":"https:\/\/enablingtransformation.at\/en\/wp-json\/wp\/v2\/pages\/7053"}],"collection":[{"href":"https:\/\/enablingtransformation.at\/en\/wp-json\/wp\/v2\/pages"}],"about":[{"href":"https:\/\/enablingtransformation.at\/en\/wp-json\/wp\/v2\/types\/page"}],"author":[{"embeddable":true,"href":"https:\/\/enablingtransformation.at\/en\/wp-json\/wp\/v2\/users\/1"}],"replies":[{"embeddable":true,"href":"https:\/\/enablingtransformation.at\/en\/wp-json\/wp\/v2\/comments?post=7053"}],"version-history":[{"count":10,"href":"https:\/\/enablingtransformation.at\/en\/wp-json\/wp\/v2\/pages\/7053\/revisions"}],"predecessor-version":[{"id":7132,"href":"https:\/\/enablingtransformation.at\/en\/wp-json\/wp\/v2\/pages\/7053\/revisions\/7132"}],"wp:attachment":[{"href":"https:\/\/enablingtransformation.at\/en\/wp-json\/wp\/v2\/media?parent=7053"}],"curies":[{"name":"wp","href":"https:\/\/api.w.org\/{rel}","templated":true}]}}